{"id":330,"date":"2020-04-15T11:04:33","date_gmt":"2020-04-15T09:04:33","guid":{"rendered":"https:\/\/techma.bakertilly.es\/?page_id=330"},"modified":"2024-06-13T14:05:05","modified_gmt":"2024-06-13T12:05:05","slug":"growth-consulting","status":"publish","type":"page","link":"https:\/\/techma.bakertilly.es\/en\/consultoria-crecimiento-4\/","title":{"rendered":"Growth Consulting"},"content":{"rendered":"<h5 class=\"wp-block-heading\" id=\"headline-33-295\">Are you ambitious and want to grow faster? Do you want to get the most value out of your company?<\/h5>\n\n\n\n<p>We have done this kind of work with over 1000 companies. You know your business and we know ours. When we combine your industry expertise with BT Global's advisers' experience in growing value and completing corporate transactions in high-growth industries, it will be a combination that, for sure, will lead us to success.<\/p>\n\n\n\n<p>En BTTech M&#038;Ahemos unido fuerzas con Improven especialista en ofrecer a las pymes un concepto de consultor\u00eda llamada \u201cresultoria\u201d. Enfoque pr\u00e1ctico orientado al impacto en los resultados y con un claro compromiso en la ejecuci\u00f3n de las oportunidades detectadas. Contamos con un equipo de m\u00e1s de 60 personas, m\u00e1s de 20 a\u00f1os de experiencia y trabajamos anualmente con m\u00e1s de 50 clientes en m\u00e1s de 100 proyectos.<\/p>\n\n\n\n<h5 class=\"wp-block-heading\" id=\"headline-40-295\">How do we help you grow?<\/h5>\n\n\n\n<p>In the plans that we design and commit to execute, we are both ambitious and realistic. We propose feasible lines of action, we are clear on how to implement them and we quantify their impact, with our client having a clear idea of the expected return on their investment.<\/p>\n\n\n\n<p>Como fruto de la uni\u00f3n de la experiencia de consultor\u00eda enfocada a resultados de Improven y la experiencia de BTTech M&#038;Aen M&amp;A y an\u00e1lisis de mercados de alto crecimiento, hemos desarrollado una metodolog\u00eda propietaria para acelerar el crecimiento de nuestros clientes. Con su ayuda analizaremos las 50 medidas de nuestro modelo de creaci\u00f3n de Valor agrupadas en 3 grandes \u00e1mbitos: clientes, personas y producto. Compararemos su empresa con otras empresas similares y con las mejores pr\u00e1cticas apoyados por INtelfin nuestro software de an\u00e1lisis de mercados basados en datos.<\/p>\n\n\n\n<p>Como resultado se presentar\u00e1 un plan con las l\u00edneas de acci\u00f3n a poner en marcha y decisiones a tomar. Con una cuantificaci\u00f3n precisa del objetivo monetario a alcanzar con cada medida de cambio. Incluir\u00e1 un planning de trabajo a validar por la Direcci\u00f3n y el alcance de las responsabilidades a asumir por BTTech M&#038;A\/ Improven en la ejecuci\u00f3n.<\/p>\n\n\n\n<p>For the implementation of the lines of action, the involvement of people is essential. People only implement what they understand, believe and participate in, what is in tune with the measurement systems, when they are trained and when the leaders believe in change.<\/p>\n\n\n\n<p>In order to effectively implement the changes, our team is integrated into the day-to-day work, coordinating the changes and carrying out mentoring, training and empowerment of the teams to modify habits so that the results last beyond our stay in the company.<\/p>","protected":false},"excerpt":{"rendered":"<p>\u00bfEres ambicioso y quieres crecer m\u00e1s r\u00e1pido? \u00bfQuieres sacar el mayor valor a tu empresa? Hemos hecho este tipo de trabajo con m\u00e1s de 1000 empresas. Usted conoce su negocio y nosotros el nuestro. Cuando unamos su experiencia en el sector, con la experiencia de los asesores de BT Global en el crecimiento del valor [&hellip;]<\/p>\n","protected":false},"author":8,"featured_media":0,"parent":0,"menu_order":0,"comment_status":"closed","ping_status":"closed","template":"","meta":{"_acf_changed":false,"_et_pb_use_builder":"off","_et_pb_old_content":"","_et_gb_content_width":"","footnotes":""},"class_list":["post-330","page","type-page","status-publish","hentry"],"acf":[],"_links":{"self":[{"href":"https:\/\/techma.bakertilly.es\/en\/wp-json\/wp\/v2\/pages\/330","targetHints":{"allow":["GET"]}}],"collection":[{"href":"https:\/\/techma.bakertilly.es\/en\/wp-json\/wp\/v2\/pages"}],"about":[{"href":"https:\/\/techma.bakertilly.es\/en\/wp-json\/wp\/v2\/types\/page"}],"author":[{"embeddable":true,"href":"https:\/\/techma.bakertilly.es\/en\/wp-json\/wp\/v2\/users\/8"}],"replies":[{"embeddable":true,"href":"https:\/\/techma.bakertilly.es\/en\/wp-json\/wp\/v2\/comments?post=330"}],"version-history":[{"count":0,"href":"https:\/\/techma.bakertilly.es\/en\/wp-json\/wp\/v2\/pages\/330\/revisions"}],"wp:attachment":[{"href":"https:\/\/techma.bakertilly.es\/en\/wp-json\/wp\/v2\/media?parent=330"}],"curies":[{"name":"wp","href":"https:\/\/api.w.org\/{rel}","templated":true}]}}