{"id":254,"date":"2020-04-08T08:40:45","date_gmt":"2020-04-08T06:40:45","guid":{"rendered":"https:\/\/techma.bakertilly.es\/?page_id=254"},"modified":"2024-12-04T11:43:04","modified_gmt":"2024-12-04T10:43:04","slug":"work-with-us","status":"publish","type":"page","link":"https:\/\/techma.bakertilly.es\/en\/trabaja-con-nosotros-3\/","title":{"rendered":"Work with us"},"content":{"rendered":"[et_pb_section admin_label=\u00bbsection\u00bb]\n\t\t\t[et_pb_row admin_label=\u00bbrow\u00bb]\n\t\t\t\t[et_pb_column type=\u00bb4_4&#8243;][et_pb_text admin_label=\u00bbText\u00bb]\n<p>Trabajos en M&amp;A<\/p>\n\n\n\n<p>En Baker Tilly Global Deal Advisory estamos en constante crecimiento, y por ello necesitamos personas con las que queremos compartir nuestro proyecto de futuro y nuestra ilusi\u00f3n. Si crees que puedes aportar tus capacidades, tus ideas y, sobre todo, tu af\u00e1n de crecer como profesional, aqu\u00ed tienes la posibilidad de explicarnos qu\u00e9 te motiva a querer contribuir en primera persona al desarrollo de nuestra firma, y a compartir los futuros logros.<\/p>\n\n\n\n<script src=\"https:\/\/webforms.pipedrive.com\/f\/loader\"><\/script>\n<iframe src=\"https:\/\/webforms.pipedrive.com\/f\/2XBTYtG78fFM1JdKhGrfcTSIOraGkQwCMT7v4OErRdY507DL9iXxvwlbdO7DAqfN9?embeded=1&amp;uuid=idqpl3xk\" name=\"https:\/\/techma.bakertilly.es\/trabaja-con-nosotros\/-idqpl3xk\" scrolling=\"no\" title=\"Web Forms\" style=\"height: 705px;\"><\/iframe>\n[\/et_pb_text][\/et_pb_column]\n\t\t\t[\/et_pb_row]\n\t\t[\/et_pb_section]","protected":false},"excerpt":{"rendered":"<p>Trabajos en M&amp;A En Baker Tilly Global Deal Advisory estamos en constante crecimiento, y por ello necesitamos personas con las que queremos compartir nuestro proyecto de futuro y nuestra ilusi\u00f3n. Si crees que puedes aportar tus capacidades, tus ideas y, sobre todo, tu af\u00e1n de crecer como profesional, aqu\u00ed tienes la posibilidad de explicarnos qu\u00e9 [&hellip;]<\/p>\n","protected":false},"author":8,"featured_media":0,"parent":0,"menu_order":0,"comment_status":"closed","ping_status":"closed","template":"","meta":{"_acf_changed":false,"_et_pb_use_builder":"on","_et_pb_old_content":"<!-- wp:paragraph -->\n<p>Trabajos en M&amp;A<\/p>\n<!-- \/wp:paragraph -->\n\n<!-- wp:paragraph -->\n<p>En Baker Tilly Global Deal Advisory estamos en constante crecimiento, y por ello necesitamos personas con las que queremos compartir nuestro proyecto de futuro y nuestra ilusi\u00f3n. Si crees que puedes aportar tus capacidades, tus ideas y, sobre todo, tu af\u00e1n de crecer como profesional, aqu\u00ed tienes la posibilidad de explicarnos qu\u00e9 te motiva a querer contribuir en primera persona al desarrollo de nuestra firma, y a compartir los futuros logros.<\/p>\n<!-- \/wp:paragraph -->\n\n<!-- wp:html -->\n<script src=\"https:\/\/webforms.pipedrive.com\/f\/loader\"><\/script>\n<iframe src=\"https:\/\/webforms.pipedrive.com\/f\/2XBTYtG78fFM1JdKhGrfcTSIOraGkQwCMT7v4OErRdY507DL9iXxvwlbdO7DAqfN9?embeded=1&amp;uuid=idqpl3xk\" name=\"https:\/\/techma.bakertilly.es\/trabaja-con-nosotros\/-idqpl3xk\" scrolling=\"no\" title=\"Web Forms\" style=\"height: 705px;\"><\/iframe>\n<!-- \/wp:html -->","_et_gb_content_width":"","footnotes":""},"class_list":["post-254","page","type-page","status-publish","hentry"],"acf":[],"_links":{"self":[{"href":"https:\/\/techma.bakertilly.es\/en\/wp-json\/wp\/v2\/pages\/254","targetHints":{"allow":["GET"]}}],"collection":[{"href":"https:\/\/techma.bakertilly.es\/en\/wp-json\/wp\/v2\/pages"}],"about":[{"href":"https:\/\/techma.bakertilly.es\/en\/wp-json\/wp\/v2\/types\/page"}],"author":[{"embeddable":true,"href":"https:\/\/techma.bakertilly.es\/en\/wp-json\/wp\/v2\/users\/8"}],"replies":[{"embeddable":true,"href":"https:\/\/techma.bakertilly.es\/en\/wp-json\/wp\/v2\/comments?post=254"}],"version-history":[{"count":0,"href":"https:\/\/techma.bakertilly.es\/en\/wp-json\/wp\/v2\/pages\/254\/revisions"}],"wp:attachment":[{"href":"https:\/\/techma.bakertilly.es\/en\/wp-json\/wp\/v2\/media?parent=254"}],"curies":[{"name":"wp","href":"https:\/\/api.w.org\/{rel}","templated":true}]}}